{"id":59,"date":"2019-11-05T23:27:07","date_gmt":"2019-11-05T22:27:07","guid":{"rendered":"http:\/\/domaine-thivolle.com\/?page_id=59"},"modified":"2019-11-10T21:54:52","modified_gmt":"2019-11-10T20:54:52","slug":"le-vigneron","status":"publish","type":"page","link":"https:\/\/domaine-thivolle.com\/index.php\/le-vigneron\/","title":{"rendered":"Vigneron"},"content":{"rendered":"\n<p><em>Le projet est n\u00e9 de de mon attachement aux terres beaujolaises, \u00e0 la richesse de ses paysages et de ses terroirs, et \u00e0 la diversit\u00e9 de la palette aromatique de ses vins, fruit\u00e9s, amples, s\u00e9ducteurs et conviviaux.<\/em><\/p>\n\n\n\n<p><em>Apr\u00e8s avoir travaill\u00e9 dans le domaine du conseil en organisation, dans la vente et dans les achats dans le secteur de l\u2019\u00e9nergie, j\u2019ai d\u00e9cid\u00e9 de revenir aux sources, et \u00e0 la production bio des vins que j\u2019aime, et offrant une transparence parfaite sur toutes les \u00e9tapes de leur production.<\/em><\/p>\n\n\n\n<p><em>Parce que le vin est avant tout une passion, et parce que le Beaujolais est le vin m\u00eame de la convivialit\u00e9, c\u2019est un v\u00e9ritable plaisir de recevoir tout amateur de vin au cuvage pour pr\u00e9senter les vins termin\u00e9s, les vins en cours de pr\u00e9paration, le travail de la vigne ou encore le choix des terroirs.<\/em><br><\/p>\n","protected":false},"excerpt":{"rendered":"<p>Le projet est n\u00e9 de de mon attachement aux terres beaujolaises, \u00e0 la richesse de ses paysages et de ses terroirs, et \u00e0 la diversit\u00e9 de la palette aromatique de ses vins, fruit\u00e9s, amples, s\u00e9ducteurs et conviviaux. Apr\u00e8s avoir travaill\u00e9 dans le domaine du conseil en organisation, dans la vente et dans les achats dans &hellip; <\/p>\n<p class=\"link-more\"><a href=\"https:\/\/domaine-thivolle.com\/index.php\/le-vigneron\/\" class=\"more-link\">Continue reading<span class=\"screen-reader-text\"> &#8220;Vigneron&#8221;<\/span><\/a><\/p>\n","protected":false},"author":1,"featured_media":0,"parent":0,"menu_order":0,"comment_status":"closed","ping_status":"closed","template":"","meta":[],"_links":{"self":[{"href":"https:\/\/domaine-thivolle.com\/index.php\/wp-json\/wp\/v2\/pages\/59"}],"collection":[{"href":"https:\/\/domaine-thivolle.com\/index.php\/wp-json\/wp\/v2\/pages"}],"about":[{"href":"https:\/\/domaine-thivolle.com\/index.php\/wp-json\/wp\/v2\/types\/page"}],"author":[{"embeddable":true,"href":"https:\/\/domaine-thivolle.com\/index.php\/wp-json\/wp\/v2\/users\/1"}],"replies":[{"embeddable":true,"href":"https:\/\/domaine-thivolle.com\/index.php\/wp-json\/wp\/v2\/comments?post=59"}],"version-history":[{"count":2,"href":"https:\/\/domaine-thivolle.com\/index.php\/wp-json\/wp\/v2\/pages\/59\/revisions"}],"predecessor-version":[{"id":102,"href":"https:\/\/domaine-thivolle.com\/index.php\/wp-json\/wp\/v2\/pages\/59\/revisions\/102"}],"wp:attachment":[{"href":"https:\/\/domaine-thivolle.com\/index.php\/wp-json\/wp\/v2\/media?parent=59"}],"curies":[{"name":"wp","href":"https:\/\/api.w.org\/{rel}","templated":true}]}}