{"id":47,"date":"2019-03-21T14:34:05","date_gmt":"2019-03-21T13:34:05","guid":{"rendered":"http:\/\/domaine-thivolle.com\/?page_id=47"},"modified":"2021-05-18T11:10:38","modified_gmt":"2021-05-18T09:10:38","slug":"accueil","status":"publish","type":"page","link":"https:\/\/domaine-thivolle.com\/","title":{"rendered":"Accueil"},"content":{"rendered":"\n<p><strong>Bienvenue<\/strong><\/p>\n\n\n\n<p>Bienvenue sur le site du Domaine Thivolle. Vous pourrez progressivement suivre l&#8217;avancement du projet depuis ce site. <\/p>\n\n\n\n<p>Nous avons sorti notre premier mill\u00e9sime en 2019 et nous appr\u00eatons \u00e0 mettre en bouteille le 2020 qui s&#8217;annonce tr\u00e8s prometteur !<\/p>\n\n\n\n<p>Une question, demande, proposition commerciale ? N&#8217;h\u00e9sitez pas \u00e0 nous envoyer un message dans la rubrique &#8220;Contact&#8221;.<\/p>\n\n\n\n<figure class=\"wp-block-image size-large\"><img loading=\"lazy\" width=\"1024\" height=\"613\" src=\"http:\/\/domaine-thivolle.com\/wp-content\/uploads\/2021\/05\/cropped-2020-07-06-LD8_1656-photographe-reportage-lyon-laurie-diaz-www.studiomachine.fr_-1024x613.jpg\" alt=\"\" class=\"wp-image-153\" srcset=\"https:\/\/domaine-thivolle.com\/wp-content\/uploads\/2021\/05\/cropped-2020-07-06-LD8_1656-photographe-reportage-lyon-laurie-diaz-www.studiomachine.fr_-1024x613.jpg 1024w, https:\/\/domaine-thivolle.com\/wp-content\/uploads\/2021\/05\/cropped-2020-07-06-LD8_1656-photographe-reportage-lyon-laurie-diaz-www.studiomachine.fr_-300x180.jpg 300w, https:\/\/domaine-thivolle.com\/wp-content\/uploads\/2021\/05\/cropped-2020-07-06-LD8_1656-photographe-reportage-lyon-laurie-diaz-www.studiomachine.fr_-768x460.jpg 768w, https:\/\/domaine-thivolle.com\/wp-content\/uploads\/2021\/05\/cropped-2020-07-06-LD8_1656-photographe-reportage-lyon-laurie-diaz-www.studiomachine.fr_.jpg 2000w\" sizes=\"(max-width: 706px) 89vw, (max-width: 767px) 82vw, 740px\" \/><\/figure>\n\n\n\n<p><\/p>\n","protected":false},"excerpt":{"rendered":"<p>Bienvenue Bienvenue sur le site du Domaine Thivolle. Vous pourrez progressivement suivre l&#8217;avancement du projet depuis ce site. Nous avons sorti notre premier mill\u00e9sime en 2019 et nous appr\u00eatons \u00e0 mettre en bouteille le 2020 qui s&#8217;annonce tr\u00e8s prometteur ! Une question, demande, proposition commerciale ? N&#8217;h\u00e9sitez pas \u00e0 nous envoyer un message dans la &hellip; <\/p>\n<p class=\"link-more\"><a href=\"https:\/\/domaine-thivolle.com\/\" class=\"more-link\">Continue reading<span class=\"screen-reader-text\"> &#8220;Accueil&#8221;<\/span><\/a><\/p>\n","protected":false},"author":1,"featured_media":0,"parent":0,"menu_order":0,"comment_status":"closed","ping_status":"closed","template":"","meta":[],"_links":{"self":[{"href":"https:\/\/domaine-thivolle.com\/index.php\/wp-json\/wp\/v2\/pages\/47"}],"collection":[{"href":"https:\/\/domaine-thivolle.com\/index.php\/wp-json\/wp\/v2\/pages"}],"about":[{"href":"https:\/\/domaine-thivolle.com\/index.php\/wp-json\/wp\/v2\/types\/page"}],"author":[{"embeddable":true,"href":"https:\/\/domaine-thivolle.com\/index.php\/wp-json\/wp\/v2\/users\/1"}],"replies":[{"embeddable":true,"href":"https:\/\/domaine-thivolle.com\/index.php\/wp-json\/wp\/v2\/comments?post=47"}],"version-history":[{"count":4,"href":"https:\/\/domaine-thivolle.com\/index.php\/wp-json\/wp\/v2\/pages\/47\/revisions"}],"predecessor-version":[{"id":246,"href":"https:\/\/domaine-thivolle.com\/index.php\/wp-json\/wp\/v2\/pages\/47\/revisions\/246"}],"wp:attachment":[{"href":"https:\/\/domaine-thivolle.com\/index.php\/wp-json\/wp\/v2\/media?parent=47"}],"curies":[{"name":"wp","href":"https:\/\/api.w.org\/{rel}","templated":true}]}}