{"id":39,"date":"2019-01-27T15:25:16","date_gmt":"2019-01-27T14:25:16","guid":{"rendered":"http:\/\/domaine-thivolle.com\/?page_id=39"},"modified":"2021-05-12T10:54:05","modified_gmt":"2021-05-12T08:54:05","slug":"contact","status":"publish","type":"page","link":"https:\/\/domaine-thivolle.com\/index.php\/contact\/","title":{"rendered":"Contact"},"content":{"rendered":"\n<p>Parce que le vin est avant tout un moment d\u2019\u00e9change, vous pouvez nous joindre des fa\u00e7ons suivantes :<\/p>\n\n\n\n<p>Par t\u00e9l\u00e9phone  : +33 6 62 10 46 72<br>Par e-mail : <a href=\"mailto:contact@domaine-thivolle.com\">contact@domaine-thivolle.com<\/a> <br>Par internet : <a href=\"http:\/\/www.domaine-thivolle.com\/\">www.domaine-thivolle.com<\/a> <\/p>\n\n\n\n<p> Sur nos r\u00e9seaux sociaux : liens \u00e0 venir<\/p>\n\n\n\n<p>Ou tout simplement en passant directement nous voir au domaine, en journ\u00e9e, \u00e0 l\u2019adresse suivante :<\/p>\n\n\n\n<p>Domaine Thivolle<br>Route du F\u00eatre<br>69115 Chiroubles, France<\/p>\n","protected":false},"excerpt":{"rendered":"<p>Parce que le vin est avant tout un moment d\u2019\u00e9change, vous pouvez nous joindre des fa\u00e7ons suivantes : Par t\u00e9l\u00e9phone : +33 6 62 10 46 72Par e-mail : contact@domaine-thivolle.com Par internet : www.domaine-thivolle.com Sur nos r\u00e9seaux sociaux : liens \u00e0 venir Ou tout simplement en passant directement nous voir au domaine, en journ\u00e9e, \u00e0 &hellip; <\/p>\n<p class=\"link-more\"><a href=\"https:\/\/domaine-thivolle.com\/index.php\/contact\/\" class=\"more-link\">Continue reading<span class=\"screen-reader-text\"> &#8220;Contact&#8221;<\/span><\/a><\/p>\n","protected":false},"author":1,"featured_media":0,"parent":0,"menu_order":0,"comment_status":"closed","ping_status":"closed","template":"","meta":[],"_links":{"self":[{"href":"https:\/\/domaine-thivolle.com\/index.php\/wp-json\/wp\/v2\/pages\/39"}],"collection":[{"href":"https:\/\/domaine-thivolle.com\/index.php\/wp-json\/wp\/v2\/pages"}],"about":[{"href":"https:\/\/domaine-thivolle.com\/index.php\/wp-json\/wp\/v2\/types\/page"}],"author":[{"embeddable":true,"href":"https:\/\/domaine-thivolle.com\/index.php\/wp-json\/wp\/v2\/users\/1"}],"replies":[{"embeddable":true,"href":"https:\/\/domaine-thivolle.com\/index.php\/wp-json\/wp\/v2\/comments?post=39"}],"version-history":[{"count":5,"href":"https:\/\/domaine-thivolle.com\/index.php\/wp-json\/wp\/v2\/pages\/39\/revisions"}],"predecessor-version":[{"id":179,"href":"https:\/\/domaine-thivolle.com\/index.php\/wp-json\/wp\/v2\/pages\/39\/revisions\/179"}],"wp:attachment":[{"href":"https:\/\/domaine-thivolle.com\/index.php\/wp-json\/wp\/v2\/media?parent=39"}],"curies":[{"name":"wp","href":"https:\/\/api.w.org\/{rel}","templated":true}]}}