{"id":32,"date":"2019-01-27T15:20:43","date_gmt":"2019-01-27T14:20:43","guid":{"rendered":"http:\/\/domaine-thivolle.com\/?page_id=32"},"modified":"2021-05-18T17:15:49","modified_gmt":"2021-05-18T15:15:49","slug":"le-domaine","status":"publish","type":"page","link":"https:\/\/domaine-thivolle.com\/index.php\/le-domaine\/","title":{"rendered":"Domaine"},"content":{"rendered":"\n<div class=\"wp-block-media-text alignwide has-media-on-the-right is-stacked-on-mobile\" style=\"grid-template-columns:auto 28%\"><figure class=\"wp-block-media-text__media\"><img loading=\"lazy\" width=\"300\" height=\"298\" src=\"http:\/\/domaine-thivolle.com\/wp-content\/uploads\/2019\/11\/LOGO-DOMAINE-THIVOLLE-1-300x298.jpg\" alt=\"\" class=\"wp-image-68 size-medium\" srcset=\"https:\/\/domaine-thivolle.com\/wp-content\/uploads\/2019\/11\/LOGO-DOMAINE-THIVOLLE-1-300x298.jpg 300w, https:\/\/domaine-thivolle.com\/wp-content\/uploads\/2019\/11\/LOGO-DOMAINE-THIVOLLE-1-150x150.jpg 150w, https:\/\/domaine-thivolle.com\/wp-content\/uploads\/2019\/11\/LOGO-DOMAINE-THIVOLLE-1-768x764.jpg 768w, https:\/\/domaine-thivolle.com\/wp-content\/uploads\/2019\/11\/LOGO-DOMAINE-THIVOLLE-1-1024x1018.jpg 1024w, https:\/\/domaine-thivolle.com\/wp-content\/uploads\/2019\/11\/LOGO-DOMAINE-THIVOLLE-1-100x100.jpg 100w, https:\/\/domaine-thivolle.com\/wp-content\/uploads\/2019\/11\/LOGO-DOMAINE-THIVOLLE-1.jpg 1054w\" sizes=\"(max-width: 300px) 100vw, 300px\" \/><\/figure><div class=\"wp-block-media-text__content\">\n<p class=\"has-normal-font-size\">Le domaine Thivolle a \u00e9t\u00e9 cr\u00e9\u00e9 par Xavier Thivolle en 2019 en reprenant des parcelles d\u00e9j\u00e0 existantes s\u00e9lectionn\u00e9es avec soin pour les caract\u00e9ristiques de leurs sols et un cuvage situ\u00e9 au sommet de l\u2019appellation <strong>Chiroubles<\/strong>, au coeur du hameau du F\u00eatre.<\/p>\n\n\n\n<p>L\u2019objectif du domaine est de travailler des terroirs poss\u00e9dant des caract\u00e9ristiques particuli\u00e8res sur chacune de ses appellations. Tous nos vins rouges sont issus des <strong>sols granitiques si typiques du Beaujolais<\/strong> et sur lesquels le Gamay r\u00e9v\u00e8le toute l\u2019\u00e9tendue de son potentiel aromatique.<\/p>\n<\/div><\/div>\n\n\n\n<p><br><\/p>\n\n\n\n<div class=\"wp-block-media-text alignwide is-stacked-on-mobile\" style=\"grid-template-columns:56% auto\"><figure class=\"wp-block-media-text__media\"><img loading=\"lazy\" width=\"1024\" height=\"683\" src=\"http:\/\/domaine-thivolle.com\/wp-content\/uploads\/2021\/05\/2020-07-06-LD8_1512-photographe-reportage-lyon-laurie-diaz-www.studiomachine.fr_-1024x683.jpg\" alt=\"\" class=\"wp-image-146 size-full\" srcset=\"https:\/\/domaine-thivolle.com\/wp-content\/uploads\/2021\/05\/2020-07-06-LD8_1512-photographe-reportage-lyon-laurie-diaz-www.studiomachine.fr_-1024x683.jpg 1024w, https:\/\/domaine-thivolle.com\/wp-content\/uploads\/2021\/05\/2020-07-06-LD8_1512-photographe-reportage-lyon-laurie-diaz-www.studiomachine.fr_-300x200.jpg 300w, https:\/\/domaine-thivolle.com\/wp-content\/uploads\/2021\/05\/2020-07-06-LD8_1512-photographe-reportage-lyon-laurie-diaz-www.studiomachine.fr_-768x512.jpg 768w\" sizes=\"(max-width: 706px) 89vw, (max-width: 767px) 82vw, 740px\" \/><\/figure><div class=\"wp-block-media-text__content\">\n<p>Les 3,5 hectares de vignes exploit\u00e9s par le domaine sont plant\u00e9s avec une densit\u00e9 de<strong> 10 000 pieds par hectares<\/strong>. Celles-ci sont \u00e2g\u00e9es d\u2019une trentaine d\u2019ann\u00e9es pour les plus jeunes, jusqu\u2019\u00e0 des <strong>vignes de plus de 90 ans<\/strong> sur certaines parcelles, avec un \u00e2ge moyen des vignes d\u2019une soixantaine d\u2019ann\u00e9es. <\/p>\n<\/div><\/div>\n\n\n\n<p>Un plan de restructuration progressif est mis en place pour permettre un <strong>renouvellement tr\u00e8s progressif de ces vignes<\/strong> afin de conserver un rapport rendement \/ concentration aromatique optimal des raisins et du vin. La restructuration se fera entre 8 000 et 8 500 pieds par hectare pour faciliter la m\u00e9canisation tout en conservant les caract\u00e9ristiques de la forte densit\u00e9.<br><\/p>\n\n\n\n<p>L\u2019ensemble de la vinification et de l\u2019\u00e9levage est r\u00e9alis\u00e9 dans le <strong>cuvage du F\u00eatre<\/strong>, en haut de l\u2019appellation Chiroubles, d\u2019o\u00f9 la vue plongeante sur l\u2019ensemble du Beaujolais, du Lyonnais puis allant jusqu\u2019aux Alpes permet <strong>d\u2019accueillir avec plaisir tous les visiteurs curieux et passionn\u00e9s.<\/strong><br><\/p>\n","protected":false},"excerpt":{"rendered":"<p>Le domaine Thivolle a \u00e9t\u00e9 cr\u00e9\u00e9 par Xavier Thivolle en 2019 en reprenant des parcelles d\u00e9j\u00e0 existantes s\u00e9lectionn\u00e9es avec soin pour les caract\u00e9ristiques de leurs sols et un cuvage situ\u00e9 au sommet de l\u2019appellation Chiroubles, au coeur du hameau du F\u00eatre. L\u2019objectif du domaine est de travailler des terroirs poss\u00e9dant des caract\u00e9ristiques particuli\u00e8res sur chacune &hellip; <\/p>\n<p class=\"link-more\"><a href=\"https:\/\/domaine-thivolle.com\/index.php\/le-domaine\/\" class=\"more-link\">Continue reading<span class=\"screen-reader-text\"> &#8220;Domaine&#8221;<\/span><\/a><\/p>\n","protected":false},"author":1,"featured_media":0,"parent":0,"menu_order":0,"comment_status":"closed","ping_status":"closed","template":"","meta":[],"_links":{"self":[{"href":"https:\/\/domaine-thivolle.com\/index.php\/wp-json\/wp\/v2\/pages\/32"}],"collection":[{"href":"https:\/\/domaine-thivolle.com\/index.php\/wp-json\/wp\/v2\/pages"}],"about":[{"href":"https:\/\/domaine-thivolle.com\/index.php\/wp-json\/wp\/v2\/types\/page"}],"author":[{"embeddable":true,"href":"https:\/\/domaine-thivolle.com\/index.php\/wp-json\/wp\/v2\/users\/1"}],"replies":[{"embeddable":true,"href":"https:\/\/domaine-thivolle.com\/index.php\/wp-json\/wp\/v2\/comments?post=32"}],"version-history":[{"count":16,"href":"https:\/\/domaine-thivolle.com\/index.php\/wp-json\/wp\/v2\/pages\/32\/revisions"}],"predecessor-version":[{"id":268,"href":"https:\/\/domaine-thivolle.com\/index.php\/wp-json\/wp\/v2\/pages\/32\/revisions\/268"}],"wp:attachment":[{"href":"https:\/\/domaine-thivolle.com\/index.php\/wp-json\/wp\/v2\/media?parent=32"}],"curies":[{"name":"wp","href":"https:\/\/api.w.org\/{rel}","templated":true}]}}